{"id":742,"date":"2021-11-25T23:30:48","date_gmt":"2021-11-25T23:30:48","guid":{"rendered":"https:\/\/afturelding.is\/fjaroflun\/?post_type=product&#038;p=742"},"modified":"2021-12-02T08:54:32","modified_gmt":"2021-12-02T08:54:32","slug":"bokamerki-golfsett","status":"publish","type":"product","link":"https:\/\/afturelding.is\/fjaroflun\/vara\/bokamerki-golfsett\/","title":{"rendered":"B\u00f3kamerki &#8211; Golfsett"},"content":{"rendered":"<p>Falleg b\u00f3kamerki. Bl\u00f6ndu\u00f0 skrautmerki.<\/p>\n","protected":false},"excerpt":{"rendered":"<p>Falleg b\u00f3kamerki. Bl\u00f6ndu\u00f0 skrautmerki.<\/p>\n","protected":false},"featured_media":743,"template":"","meta":[],"product_cat":[15],"product_tag":[],"class_list":["post-742","product","type-product","status-publish","has-post-thumbnail","hentry","product_cat-fjaroflun"],"_links":{"self":[{"href":"https:\/\/afturelding.is\/fjaroflun\/wp-json\/wp\/v2\/product\/742","targetHints":{"allow":["GET"]}}],"collection":[{"href":"https:\/\/afturelding.is\/fjaroflun\/wp-json\/wp\/v2\/product"}],"about":[{"href":"https:\/\/afturelding.is\/fjaroflun\/wp-json\/wp\/v2\/types\/product"}],"wp:featuredmedia":[{"embeddable":true,"href":"https:\/\/afturelding.is\/fjaroflun\/wp-json\/wp\/v2\/media\/743"}],"wp:attachment":[{"href":"https:\/\/afturelding.is\/fjaroflun\/wp-json\/wp\/v2\/media?parent=742"}],"wp:term":[{"taxonomy":"product_cat","embeddable":true,"href":"https:\/\/afturelding.is\/fjaroflun\/wp-json\/wp\/v2\/product_cat?post=742"},{"taxonomy":"product_tag","embeddable":true,"href":"https:\/\/afturelding.is\/fjaroflun\/wp-json\/wp\/v2\/product_tag?post=742"}],"curies":[{"name":"wp","href":"https:\/\/api.w.org\/{rel}","templated":true}]}}