{"id":746,"date":"2021-11-25T23:33:21","date_gmt":"2021-11-25T23:33:21","guid":{"rendered":"https:\/\/afturelding.is\/fjaroflun\/?post_type=product&#038;p=746"},"modified":"2021-12-02T08:54:06","modified_gmt":"2021-12-02T08:54:06","slug":"bokamerki-hamar","status":"publish","type":"product","link":"https:\/\/afturelding.is\/fjaroflun\/vara\/bokamerki-hamar\/","title":{"rendered":"B\u00f3kamerki &#8211; Hamar"},"content":{"rendered":"<p>Falleg b\u00f3kamerki. Bl\u00f6ndu\u00f0 skrautmerki.<\/p>\n","protected":false},"excerpt":{"rendered":"<p>Falleg b\u00f3kamerki. Bl\u00f6ndu\u00f0 skrautmerki.<\/p>\n","protected":false},"featured_media":747,"template":"","meta":[],"product_cat":[15],"product_tag":[],"class_list":["post-746","product","type-product","status-publish","has-post-thumbnail","hentry","product_cat-fjaroflun"],"_links":{"self":[{"href":"https:\/\/afturelding.is\/fjaroflun\/wp-json\/wp\/v2\/product\/746","targetHints":{"allow":["GET"]}}],"collection":[{"href":"https:\/\/afturelding.is\/fjaroflun\/wp-json\/wp\/v2\/product"}],"about":[{"href":"https:\/\/afturelding.is\/fjaroflun\/wp-json\/wp\/v2\/types\/product"}],"wp:featuredmedia":[{"embeddable":true,"href":"https:\/\/afturelding.is\/fjaroflun\/wp-json\/wp\/v2\/media\/747"}],"wp:attachment":[{"href":"https:\/\/afturelding.is\/fjaroflun\/wp-json\/wp\/v2\/media?parent=746"}],"wp:term":[{"taxonomy":"product_cat","embeddable":true,"href":"https:\/\/afturelding.is\/fjaroflun\/wp-json\/wp\/v2\/product_cat?post=746"},{"taxonomy":"product_tag","embeddable":true,"href":"https:\/\/afturelding.is\/fjaroflun\/wp-json\/wp\/v2\/product_tag?post=746"}],"curies":[{"name":"wp","href":"https:\/\/api.w.org\/{rel}","templated":true}]}}