{"id":836,"date":"2022-01-26T22:37:15","date_gmt":"2022-01-26T22:37:15","guid":{"rendered":"https:\/\/afturelding.is\/fjaroflun\/?post_type=product&#038;p=836"},"modified":"2022-05-06T08:03:04","modified_gmt":"2022-05-06T08:03:04","slug":"kryddpakki-fra-kryddhusinu","status":"publish","type":"product","link":"https:\/\/afturelding.is\/fjaroflun\/vara\/kryddpakki-fra-kryddhusinu\/","title":{"rendered":"Kryddpakki fr\u00e1 Kryddh\u00fasinu"},"content":{"rendered":"","protected":false},"excerpt":{"rendered":"<p>6 s\u00e9rvalin krydd fr\u00e1 Kryddh\u00fasinu \u00ed smekklegum pappakassa me\u00f0 uppl\u00fdsingab\u00e6kling.<\/p>\n<p>Kryddin sem eru \u00ed pakkanum eru:<\/p>\n<ul>\n<li><b>Chili fl\u00f6gur<\/b><\/li>\n<li><b>Gyros grillkrydd\u00a0<\/b><\/li>\n<li><b>As\u00edskt fiskikrydd<\/b><\/li>\n<li><strong>\u00cdtalskt krydd<\/strong><\/li>\n<li><b>Hamborgarakrydd<\/b><\/li>\n<li><strong>Fr\u00f6nskukart\u00f6flukrydd.<\/strong><\/li>\n<\/ul>\n","protected":false},"featured_media":837,"template":"","meta":[],"product_cat":[15],"product_tag":[],"class_list":["post-836","product","type-product","status-publish","has-post-thumbnail","hentry","product_cat-fjaroflun"],"_links":{"self":[{"href":"https:\/\/afturelding.is\/fjaroflun\/wp-json\/wp\/v2\/product\/836","targetHints":{"allow":["GET"]}}],"collection":[{"href":"https:\/\/afturelding.is\/fjaroflun\/wp-json\/wp\/v2\/product"}],"about":[{"href":"https:\/\/afturelding.is\/fjaroflun\/wp-json\/wp\/v2\/types\/product"}],"wp:featuredmedia":[{"embeddable":true,"href":"https:\/\/afturelding.is\/fjaroflun\/wp-json\/wp\/v2\/media\/837"}],"wp:attachment":[{"href":"https:\/\/afturelding.is\/fjaroflun\/wp-json\/wp\/v2\/media?parent=836"}],"wp:term":[{"taxonomy":"product_cat","embeddable":true,"href":"https:\/\/afturelding.is\/fjaroflun\/wp-json\/wp\/v2\/product_cat?post=836"},{"taxonomy":"product_tag","embeddable":true,"href":"https:\/\/afturelding.is\/fjaroflun\/wp-json\/wp\/v2\/product_tag?post=836"}],"curies":[{"name":"wp","href":"https:\/\/api.w.org\/{rel}","templated":true}]}}