{"id":902,"date":"2022-03-21T13:37:12","date_gmt":"2022-03-21T13:37:12","guid":{"rendered":"https:\/\/afturelding.is\/fjaroflun\/?post_type=product&#038;p=902"},"modified":"2022-04-01T09:53:19","modified_gmt":"2022-04-01T09:53:19","slug":"paskaegg-fra-sambo","status":"publish","type":"product","link":"https:\/\/afturelding.is\/fjaroflun\/vara\/paskaegg-fra-sambo\/","title":{"rendered":"P\u00e1skaegg fr\u00e1 Samb\u00f3"},"content":{"rendered":"","protected":false},"excerpt":{"rendered":"<p>900 gr. p\u00e1skaegg fr\u00e1 Samb\u00f3<\/p>\n","protected":false},"featured_media":903,"template":"","meta":[],"product_cat":[15],"product_tag":[],"class_list":["post-902","product","type-product","status-publish","has-post-thumbnail","hentry","product_cat-fjaroflun"],"_links":{"self":[{"href":"https:\/\/afturelding.is\/fjaroflun\/wp-json\/wp\/v2\/product\/902","targetHints":{"allow":["GET"]}}],"collection":[{"href":"https:\/\/afturelding.is\/fjaroflun\/wp-json\/wp\/v2\/product"}],"about":[{"href":"https:\/\/afturelding.is\/fjaroflun\/wp-json\/wp\/v2\/types\/product"}],"wp:featuredmedia":[{"embeddable":true,"href":"https:\/\/afturelding.is\/fjaroflun\/wp-json\/wp\/v2\/media\/903"}],"wp:attachment":[{"href":"https:\/\/afturelding.is\/fjaroflun\/wp-json\/wp\/v2\/media?parent=902"}],"wp:term":[{"taxonomy":"product_cat","embeddable":true,"href":"https:\/\/afturelding.is\/fjaroflun\/wp-json\/wp\/v2\/product_cat?post=902"},{"taxonomy":"product_tag","embeddable":true,"href":"https:\/\/afturelding.is\/fjaroflun\/wp-json\/wp\/v2\/product_tag?post=902"}],"curies":[{"name":"wp","href":"https:\/\/api.w.org\/{rel}","templated":true}]}}